{"id":58,"date":"2016-12-20T17:13:15","date_gmt":"2016-12-20T17:13:15","guid":{"rendered":"https:\/\/sms.sp.teste.bvs.br\/noticias\/?page_id=58"},"modified":"2017-08-07T18:20:00","modified_gmt":"2017-08-07T18:20:00","slug":"sobre","status":"publish","type":"page","link":"https:\/\/sms.sp.teste.bvs.br\/noticias\/sobre\/","title":{"rendered":"Sobre"},"content":{"rendered":"<p>O Canal de Noticias \u00e9 um espa\u00e7o da Biblioteca Virtual em Sa\u00fade da Secretaria Municipal da Sa\u00fade de S\u00e3o Paulo (BVS SMS S\u00e3o Paulo) que tem por objetivo promover a dissemina\u00e7\u00e3o de not\u00edcias e atividades das a\u00e7\u00f5es realizadas pelos membros dos Comit\u00eas Executivo e Consultivo e Secretaria Executiva da BVS SMS S\u00e3o Paulo.<\/p>\n<p>Colabora tamb\u00e9m com a organiza\u00e7\u00e3o de documento relacionado a not\u00edcia, al\u00e9m de ser um espa\u00e7o aberto para expressar opini\u00f5es e sugest\u00f5es que visam o fortalecimento das \u00e1reas t\u00e9cnicas da SMS para a gest\u00e3o da BVS SMS S\u00e3o Paulo.<\/p>\n","protected":false},"excerpt":{"rendered":"<p>O Canal de Noticias \u00e9 um espa\u00e7o da Biblioteca Virtual em Sa\u00fade da Secretaria Municipal da Sa\u00fade de S\u00e3o Paulo (BVS SMS S\u00e3o Paulo) que tem por objetivo promover a &#8230;<\/p>\n","protected":false},"author":1,"featured_media":0,"parent":0,"menu_order":0,"comment_status":"closed","ping_status":"closed","template":"","meta":[],"_links":{"self":[{"href":"https:\/\/sms.sp.teste.bvs.br\/noticias\/wp-json\/wp\/v2\/pages\/58"}],"collection":[{"href":"https:\/\/sms.sp.teste.bvs.br\/noticias\/wp-json\/wp\/v2\/pages"}],"about":[{"href":"https:\/\/sms.sp.teste.bvs.br\/noticias\/wp-json\/wp\/v2\/types\/page"}],"author":[{"embeddable":true,"href":"https:\/\/sms.sp.teste.bvs.br\/noticias\/wp-json\/wp\/v2\/users\/1"}],"replies":[{"embeddable":true,"href":"https:\/\/sms.sp.teste.bvs.br\/noticias\/wp-json\/wp\/v2\/comments?post=58"}],"version-history":[{"count":3,"href":"https:\/\/sms.sp.teste.bvs.br\/noticias\/wp-json\/wp\/v2\/pages\/58\/revisions"}],"predecessor-version":[{"id":241,"href":"https:\/\/sms.sp.teste.bvs.br\/noticias\/wp-json\/wp\/v2\/pages\/58\/revisions\/241"}],"wp:attachment":[{"href":"https:\/\/sms.sp.teste.bvs.br\/noticias\/wp-json\/wp\/v2\/media?parent=58"}],"curies":[{"name":"wp","href":"https:\/\/api.w.org\/{rel}","templated":true}]}}